{"id":3283,"date":"2021-12-29T16:40:14","date_gmt":"2021-12-29T15:40:14","guid":{"rendered":"https:\/\/www.rauhe.dk\/travel\/?page_id=3283"},"modified":"2022-01-31T16:10:29","modified_gmt":"2022-01-31T15:10:29","slug":"thailand","status":"publish","type":"page","link":"https:\/\/www.rauhe.dk\/travel\/","title":{"rendered":"Thailand"},"content":{"rendered":"<p>Velkommen til min cykeltur til Thailand 2021\/2022.<\/p>\n<p>Jeg bestilte mine flybilleter da Thailand \u00e5bnede lidt op den 1. nov. 2021 (f\u00f8r var der coronalukket for europ\u00e6ere). Jeg fik mit Thailand Pass (kr\u00e6vet dokument) den 17. dec. og Thailand lukkede for nye Thailand Pass den 21. dec. &#8211; Der er noget der sige mig at jeg er heldig at v\u00e6re kommet til Thailand.<\/p>\n<p>F\u00f8lg mig rundt ved at l\u00e6se blogindl\u00e6g, som forh\u00e5bentligt bliver opdateret ofte.<\/p>\n<p>For at se de &#8216;j\u00e6vnlige&#8217; blog posts, click p\u00e5 links under &#8220;Recent Posts&#8221; i h\u00f8jre side af siden, eller v\u00e6lg den dag du vil se blog-post fra i &#8220;Post Calendar&#8221;. Alle &#8216;posts&#8217; kan tilg\u00e5es fra den gruppe der hedder &#8220;Thailand-2022&#8221; under &#8220;Travels&#8221; i h\u00f8jre side af sk\u00e6rmen.<\/p>\n<p><em>Klik p\u00e5 linket &#8220;Show map in new window&#8221; under kortet for at se kortet i et nyt vindue, eller klik p\u00e5 firkanten i det \u00f8verste h\u00f8jre hj\u00f8rne af kortet for at se kortet i fuld sk\u00e6rm. <\/em><br \/>\n<div style=\"height:300px;width:100%;\" id=\"map-canvas\"><\/div><script> google.maps.event.addDomListener(window, 'load', initializeMap('http:\/\/www.rauhe.dk\/travel\/gpx\/Thailand_20.kmz')); <\/script><div align=''> <a  style=\"font-size:x-small;\" href='https:\/\/www.rauhe.dk\/travel\/wp-content\/plugins\/john_plugin\/foo.php?file=http:\/\/www.rauhe.dk\/travel\/gpx\/Thailand_20.kmz' target='_blank'>Show map in new window<\/a><\/div><br \/>\nTransportformer p\u00e5 kortet ovenfor er markeret med f\u00f8lgende farver: <span style=\"color: #ff0000;\">Cykling <\/span><span style=\"color: #00ff00;\">Fod<\/span> <span style=\"color: #0000ff;\">Bus\/B\u00e5d<\/span>. Overnatninger er markeret med en stor gul n\u00e5l.<\/p>\n","protected":false},"excerpt":{"rendered":"<p>[&#8230;]<\/p>\n","protected":false},"author":1,"featured_media":0,"parent":1334,"menu_order":2,"comment_status":"open","ping_status":"closed","template":"","meta":{"ngg_post_thumbnail":0,"footnotes":""},"aioseo_notices":[],"_links":{"self":[{"href":"https:\/\/www.rauhe.dk\/travel\/index.php?rest_route=\/wp\/v2\/pages\/3283"}],"collection":[{"href":"https:\/\/www.rauhe.dk\/travel\/index.php?rest_route=\/wp\/v2\/pages"}],"about":[{"href":"https:\/\/www.rauhe.dk\/travel\/index.php?rest_route=\/wp\/v2\/types\/page"}],"author":[{"embeddable":true,"href":"https:\/\/www.rauhe.dk\/travel\/index.php?rest_route=\/wp\/v2\/users\/1"}],"replies":[{"embeddable":true,"href":"https:\/\/www.rauhe.dk\/travel\/index.php?rest_route=%2Fwp%2Fv2%2Fcomments&post=3283"}],"version-history":[{"count":27,"href":"https:\/\/www.rauhe.dk\/travel\/index.php?rest_route=\/wp\/v2\/pages\/3283\/revisions"}],"predecessor-version":[{"id":3288,"href":"https:\/\/www.rauhe.dk\/travel\/index.php?rest_route=\/wp\/v2\/pages\/3283\/revisions\/3288"}],"up":[{"embeddable":true,"href":"https:\/\/www.rauhe.dk\/travel\/index.php?rest_route=\/wp\/v2\/pages\/1334"}],"wp:attachment":[{"href":"https:\/\/www.rauhe.dk\/travel\/index.php?rest_route=%2Fwp%2Fv2%2Fmedia&parent=3283"}],"curies":[{"name":"wp","href":"https:\/\/api.w.org\/{rel}","templated":true}]}}